{"id":2630,"date":"2024-12-11T12:55:53","date_gmt":"2024-12-11T12:55:53","guid":{"rendered":"https:\/\/www.solarclean.pt\/?page_id=2630"},"modified":"2024-12-11T12:59:41","modified_gmt":"2024-12-11T12:59:41","slug":"privacy-policy","status":"publish","type":"page","link":"https:\/\/www.solarclean.pt\/en\/privacy-policy\/","title":{"rendered":"Privacy Policy"},"content":{"rendered":"\t\t<div data-elementor-type=\"wp-page\" data-elementor-id=\"2630\" class=\"elementor elementor-2630 elementor-3\">\n\t\t\t\t\t\t<section class=\"elementor-section elementor-top-section elementor-element elementor-element-6f8abce2 elementor-section-boxed elementor-section-height-default elementor-section-height-default\" data-id=\"6f8abce2\" data-element_type=\"section\" data-settings=\"{&quot;jet_parallax_layout_list&quot;:[]}\">\n\t\t\t\t\t\t<div class=\"elementor-container elementor-column-gap-default\">\n\t\t\t\t\t<div class=\"elementor-column elementor-col-100 elementor-top-column elementor-element elementor-element-10f57a5c\" data-id=\"10f57a5c\" data-element_type=\"column\">\n\t\t\t<div class=\"elementor-widget-wrap elementor-element-populated\">\n\t\t\t\t\t\t<div class=\"elementor-element elementor-element-4d7699f elementor-widget elementor-widget-heading\" data-id=\"4d7699f\" data-element_type=\"widget\" data-widget_type=\"heading.default\">\n\t\t\t\t<div class=\"elementor-widget-container\">\n\t\t\t\t\t<h2 class=\"elementor-heading-title elementor-size-default\">Privacy Policy<\/h2>\t\t\t\t<\/div>\n\t\t\t\t<\/div>\n\t\t\t\t<div class=\"elementor-element elementor-element-334d28d4 elementor-widget elementor-widget-text-editor\" data-id=\"334d28d4\" data-element_type=\"widget\" data-widget_type=\"text-editor.default\">\n\t\t\t\t<div class=\"elementor-widget-container\">\n\t\t\t\t\t\t\t\t\t<p><strong>Commercial Company SolarClean \u2013 Lavagem de Exterior, Lda,<\/strong> headquartered at Rua Dion\u00edsio Rodrigues, N\u00ba 10, 2415-801 Leiria, with NIFC 516148893, is the owner of the <strong>website: <a href=\"mailto:tsst@solarclean.pt\" rel=\"noopener\">www.solarclean.pt<\/a><\/strong>.<\/p><p>By accepting our Privacy Policy, you declare your authorization for the processing of your personal data provided in the various forms available on the company\u2019s website \u2013 <strong><a href=\"mailto:tsst@solarclean.pt\" rel=\"noopener\">www.solarclean.pt<\/a><\/strong> \u2013 confirming ownership of said data, as well as data related to your commercial and contractual relationship and its management, under the terms outlined in this Privacy Policy.<\/p><p><strong>You also declare:<\/strong><\/p><ul><li>Being aware and duly informed that all processing of your personal data includes all operations performed on the data you transmit, aiming to improve the operation and features of the company\u2019s website (<strong><a href=\"mailto:tsst@solarclean.pt\" rel=\"noopener\">www.solarclean.pt<\/a><\/strong>), including:<ul><li>Cases where your data will be processed statistically, ensuring they cannot be identified by third parties receiving the information;<\/li><li>Personalization of services provided to you;<\/li><li>Contacting you via email, text messages, or phone to send information or updates about your transactions and requests, as well as details about new products, brands, or services offered;<\/li><li>Accepting and authorizing the transmission of your data to entities engaged by the company as subcontractors, with the objective of creating and managing communication, research, and analysis on the services provided, as well as managing information, promotions, or studies on consumption or market trends, ensuring that your data will not be sold, traded, transferred, or used for other purposes;<\/li><li>Acknowledging that your data will be stored following best security practices;<\/li><li>Being aware that, under applicable legislation, you may oppose, limit, correct, or request deletion of your personal data concerning one or more purposes previously described by sending a request to the email: <strong><a rel=\"noopener\">geral@solarclean.pt<\/a><\/strong>;<\/li><li>Providing free, voluntary, and informed consent for the processing of your personal data;<\/li><li>Declaring you are 16 years of age or older.<\/li><\/ul><\/li><\/ul><p><strong>Our Privacy Policy<\/strong><\/p><p>It is the company\u2019s internal policy to treat your personal data with the utmost confidentiality and protect it as best as possible. In compliance with the best practices outlined in the General Data Protection Regulation (GDPR), this Privacy Policy explains how we collect, protect, use, and share information about you, both online and offline, aiming to increase your trust in the company and improve your experience with us.<\/p><p>It is important to note that this Privacy Policy applies only to information collected by the company and does not extend to information you may have submitted on other websites or social platforms managed by other entities or organizations to which we may refer.<\/p><p><strong>Providing Personal Data<\/strong><\/p><p>We inform you that our website \u2013 <strong><a href=\"mailto:tsst@solarclean.pt\" rel=\"noopener\">www.solarclean.pt<\/a><\/strong> \u2013 does not collect personal information about you unless you provide it voluntarily.<\/p><p>You can also visit our site anonymously. By providing us with personal information under the terms described in this Policy, you consent to its use for the purposes mentioned herein.<\/p><p><strong>Use of Personal Data<\/strong><\/p><p>Any personal data you provide may be used for the following purposes:<\/p><ul><li>Personalizing your experience with us;<\/li><li>Contacting you;<\/li><li>Improving our website in terms of services offered;<\/li><li>Enhancing our overall customer service;<\/li><li>Communicating about marketed services;<\/li><li>Your data, whether public or private, will not be sold, traded, transferred, or disclosed to any other company;<\/li><li>Your personal data may be transmitted to communication companies as subcontractors to create and manage information, research, and analysis of the services provided, as well as to manage information, promotions, or market studies, ensuring that such data will not be sold, traded, transferred, or disclosed for other purposes, always maintaining the confidentiality and security of the transmitted data.<\/li><\/ul><p>To improve the quality of our services, the company and\/or our subcontractors may contact you via email or phone to request your feedback on the services we provide.<\/p><p>At any time, you may unsubscribe from future emails, and we will include detailed instructions on how to do so at the bottom of each email.<\/p><p><strong>Protection of Your Information<\/strong><\/p><p>We adhere to the best market practices to protect your data during transmission, and once received, we implement various measures to ensure the security of the personal data you provide. However, you should be aware that no method of transmission or electronic storage is completely secure. To the fullest extent permitted by law, we cannot be held liable for any claims, losses, or damages, including but not limited to direct, indirect, special, punitive, incidental, or consequential damages incurred by you or any user related to hacking, risks, or other breaches or circumstances where your information is accessed or disclosed without our express authorization.<\/p><p><strong>Data Provided<\/strong><\/p><p>For your privacy, we advise against including personal, sensitive, or confidential information in the emails you send us. Therefore, you should not send emails containing credit card numbers or other personal and sensitive information unless it is strictly necessary to address the needs arising from our commercial relationship.<\/p><p>Please note that we do not knowingly collect personal information from minors.<\/p><p><strong>Disclosure of Information to Third Parties<\/strong><\/p><p>We do not sell, trade, or transfer your personal identification data to third parties. This excludes trusted third parties that comply with security standards and best practices who assist us in managing communication with our clients, conducting our business, or providing services, provided these parties agree to keep this information confidential.<\/p><p>We may also disclose your information when we believe it is necessary to comply with the law, enforce our website policies, or protect our rights, property, or safety. However, non-personally identifiable visitor information may be provided to other parties for marketing, advertising, or other purposes.<\/p><p><strong>Third-Party Links<\/strong><\/p><p>While navigating our website managed by the company and trusted third parties adhering to security standards and best practices, you may be directed to links and third-party websites. These links aim to improve the information about the services we offer, which we deem relevant.<\/p><p>These third-party sites may have separate and independent privacy policies. These policies are not managed or controlled by the company, and as such, we cannot assume responsibility for the content and activities of these websites. However, we strive to protect the integrity of our website and platforms and appreciate your feedback regarding these sites. We recommend that you carefully read the terms and conditions and privacy policies of these sites before submitting any personal information.<\/p><p><strong>Consent<\/strong><\/p><p>As a user of our website and platforms, you hereby agree to our Privacy Policy.<\/p><p><strong>Retention Period for Your Data<\/strong><\/p><p>We inform you that the personal data you provide will be retained by the company for up to ten years after the last update.<\/p><p><strong>Your Rights<\/strong><\/p><p>Your personal data belongs to you. Therefore, you have the right to access, rectify, limit, delete, and oppose the processing of your data, as well as to obtain it from the company.<\/p><p>We will make every effort to ensure your personal data remains updated and protected in accordance with best market practices.<\/p><p>You also have the right to file a complaint with the competent data protection authority. In Portugal, this authority is the Comiss\u00e3o Nacional de Prote\u00e7\u00e3o de Dados (National Data Protection Commission).<\/p><p><strong>Changes to the Privacy Policy<\/strong><\/p><p>The company reserves the right to periodically update its Privacy Policy. Should changes be made, we will notify you via our website and through communication to the contact details provided.<\/p><p>Following this notification, the continued use of our website, applications, services, and resources will be considered your agreement to such changes.<\/p><p><strong>Publication<\/strong><\/p><p>The current version was published on December 1, 2024.<\/p>\t\t\t\t\t\t\t\t<\/div>\n\t\t\t\t<\/div>\n\t\t\t\t\t<\/div>\n\t\t<\/div>\n\t\t\t\t\t<\/div>\n\t\t<\/section>\n\t\t\t\t<\/div>\n\t\t","protected":false},"excerpt":{"rendered":"<p>Privacy Policy Commercial Company SolarClean \u2013 Lavagem de Exterior, Lda, headquartered at Rua Dion\u00edsio Rodrigues, N\u00ba 10, 2415-801 Leiria, with NIFC 516148893, is the owner of the website: www.solarclean.pt. By accepting our Privacy Policy, you declare your authorization for the processing of your personal data provided in the various forms available on the company\u2019s website [&hellip;]<\/p>\n","protected":false},"author":2,"featured_media":0,"parent":0,"menu_order":0,"comment_status":"closed","ping_status":"closed","template":"","meta":{"footnotes":""},"class_list":["post-2630","page","type-page","status-publish","hentry"],"yoast_head":"<!-- This site is optimized with the Yoast SEO plugin v26.3 - https:\/\/yoast.com\/wordpress\/plugins\/seo\/ -->\n<title>Privacy Policy - SolarClean<\/title>\n<meta name=\"robots\" content=\"index, follow, max-snippet:-1, max-image-preview:large, max-video-preview:-1\" \/>\n<link rel=\"canonical\" href=\"https:\/\/www.solarclean.pt\/en\/privacy-policy\/\" \/>\n<meta property=\"og:locale\" content=\"en_US\" \/>\n<meta property=\"og:type\" content=\"article\" \/>\n<meta property=\"og:title\" content=\"Privacy Policy - SolarClean\" \/>\n<meta property=\"og:description\" content=\"Privacy Policy Commercial Company SolarClean \u2013 Lavagem de Exterior, Lda, headquartered at Rua Dion\u00edsio Rodrigues, N\u00ba 10, 2415-801 Leiria, with NIFC 516148893, is the owner of the website: www.solarclean.pt. By accepting our Privacy Policy, you declare your authorization for the processing of your personal data provided in the various forms available on the company\u2019s website [&hellip;]\" \/>\n<meta property=\"og:url\" content=\"https:\/\/www.solarclean.pt\/en\/privacy-policy\/\" \/>\n<meta property=\"og:site_name\" content=\"SolarClean\" \/>\n<meta property=\"article:publisher\" content=\"https:\/\/www.facebook.com\/SolarClean-The-Solar-Panel-Cleaning-Company-105182081475383\" \/>\n<meta property=\"article:modified_time\" content=\"2024-12-11T12:59:41+00:00\" \/>\n<meta property=\"og:image\" content=\"https:\/\/www.solarclean.pt\/wp-content\/uploads\/2022\/02\/cropped-solarclean-favicon-1.png\" \/>\n\t<meta property=\"og:image:width\" content=\"512\" \/>\n\t<meta property=\"og:image:height\" content=\"512\" \/>\n\t<meta property=\"og:image:type\" content=\"image\/png\" \/>\n<meta name=\"twitter:card\" content=\"summary_large_image\" \/>\n<meta name=\"twitter:label1\" content=\"Est. reading time\" \/>\n\t<meta name=\"twitter:data1\" content=\"6 minutes\" \/>\n<script type=\"application\/ld+json\" class=\"yoast-schema-graph\">{\"@context\":\"https:\/\/schema.org\",\"@graph\":[{\"@type\":\"WebPage\",\"@id\":\"https:\/\/www.solarclean.pt\/en\/privacy-policy\/\",\"url\":\"https:\/\/www.solarclean.pt\/en\/privacy-policy\/\",\"name\":\"Privacy Policy - SolarClean\",\"isPartOf\":{\"@id\":\"https:\/\/www.solarclean.pt\/en\/#website\"},\"datePublished\":\"2024-12-11T12:55:53+00:00\",\"dateModified\":\"2024-12-11T12:59:41+00:00\",\"breadcrumb\":{\"@id\":\"https:\/\/www.solarclean.pt\/en\/privacy-policy\/#breadcrumb\"},\"inLanguage\":\"en-US\",\"potentialAction\":[{\"@type\":\"ReadAction\",\"target\":[\"https:\/\/www.solarclean.pt\/en\/privacy-policy\/\"]}]},{\"@type\":\"BreadcrumbList\",\"@id\":\"https:\/\/www.solarclean.pt\/en\/privacy-policy\/#breadcrumb\",\"itemListElement\":[{\"@type\":\"ListItem\",\"position\":1,\"name\":\"In\u00edcio\",\"item\":\"https:\/\/www.solarclean.pt\/en\/\"},{\"@type\":\"ListItem\",\"position\":2,\"name\":\"Privacy Policy\"}]},{\"@type\":\"WebSite\",\"@id\":\"https:\/\/www.solarclean.pt\/en\/#website\",\"url\":\"https:\/\/www.solarclean.pt\/en\/\",\"name\":\"SolarClean\",\"description\":\"The Solar Panel Cleaning Company\",\"publisher\":{\"@id\":\"https:\/\/www.solarclean.pt\/en\/#organization\"},\"potentialAction\":[{\"@type\":\"SearchAction\",\"target\":{\"@type\":\"EntryPoint\",\"urlTemplate\":\"https:\/\/www.solarclean.pt\/en\/?s={search_term_string}\"},\"query-input\":{\"@type\":\"PropertyValueSpecification\",\"valueRequired\":true,\"valueName\":\"search_term_string\"}}],\"inLanguage\":\"en-US\"},{\"@type\":\"Organization\",\"@id\":\"https:\/\/www.solarclean.pt\/en\/#organization\",\"name\":\"SolarClean\",\"url\":\"https:\/\/www.solarclean.pt\/en\/\",\"logo\":{\"@type\":\"ImageObject\",\"inLanguage\":\"en-US\",\"@id\":\"https:\/\/www.solarclean.pt\/en\/#\/schema\/logo\/image\/\",\"url\":\"https:\/\/www.solarclean.pt\/wp-content\/uploads\/2022\/01\/solarclean-logo-header@2x.png\",\"contentUrl\":\"https:\/\/www.solarclean.pt\/wp-content\/uploads\/2022\/01\/solarclean-logo-header@2x.png\",\"width\":409,\"height\":108,\"caption\":\"SolarClean\"},\"image\":{\"@id\":\"https:\/\/www.solarclean.pt\/en\/#\/schema\/logo\/image\/\"},\"sameAs\":[\"https:\/\/www.facebook.com\/SolarClean-The-Solar-Panel-Cleaning-Company-105182081475383\",\"https:\/\/www.linkedin.com\/company\/78767671\/admin\/\"]}]}<\/script>\n<!-- \/ Yoast SEO plugin. -->","yoast_head_json":{"title":"Privacy Policy - SolarClean","robots":{"index":"index","follow":"follow","max-snippet":"max-snippet:-1","max-image-preview":"max-image-preview:large","max-video-preview":"max-video-preview:-1"},"canonical":"https:\/\/www.solarclean.pt\/en\/privacy-policy\/","og_locale":"en_US","og_type":"article","og_title":"Privacy Policy - SolarClean","og_description":"Privacy Policy Commercial Company SolarClean \u2013 Lavagem de Exterior, Lda, headquartered at Rua Dion\u00edsio Rodrigues, N\u00ba 10, 2415-801 Leiria, with NIFC 516148893, is the owner of the website: www.solarclean.pt. By accepting our Privacy Policy, you declare your authorization for the processing of your personal data provided in the various forms available on the company\u2019s website [&hellip;]","og_url":"https:\/\/www.solarclean.pt\/en\/privacy-policy\/","og_site_name":"SolarClean","article_publisher":"https:\/\/www.facebook.com\/SolarClean-The-Solar-Panel-Cleaning-Company-105182081475383","article_modified_time":"2024-12-11T12:59:41+00:00","og_image":[{"width":512,"height":512,"url":"https:\/\/www.solarclean.pt\/wp-content\/uploads\/2022\/02\/cropped-solarclean-favicon-1.png","type":"image\/png"}],"twitter_card":"summary_large_image","twitter_misc":{"Est. reading time":"6 minutes"},"schema":{"@context":"https:\/\/schema.org","@graph":[{"@type":"WebPage","@id":"https:\/\/www.solarclean.pt\/en\/privacy-policy\/","url":"https:\/\/www.solarclean.pt\/en\/privacy-policy\/","name":"Privacy Policy - SolarClean","isPartOf":{"@id":"https:\/\/www.solarclean.pt\/en\/#website"},"datePublished":"2024-12-11T12:55:53+00:00","dateModified":"2024-12-11T12:59:41+00:00","breadcrumb":{"@id":"https:\/\/www.solarclean.pt\/en\/privacy-policy\/#breadcrumb"},"inLanguage":"en-US","potentialAction":[{"@type":"ReadAction","target":["https:\/\/www.solarclean.pt\/en\/privacy-policy\/"]}]},{"@type":"BreadcrumbList","@id":"https:\/\/www.solarclean.pt\/en\/privacy-policy\/#breadcrumb","itemListElement":[{"@type":"ListItem","position":1,"name":"In\u00edcio","item":"https:\/\/www.solarclean.pt\/en\/"},{"@type":"ListItem","position":2,"name":"Privacy Policy"}]},{"@type":"WebSite","@id":"https:\/\/www.solarclean.pt\/en\/#website","url":"https:\/\/www.solarclean.pt\/en\/","name":"SolarClean","description":"The Solar Panel Cleaning Company","publisher":{"@id":"https:\/\/www.solarclean.pt\/en\/#organization"},"potentialAction":[{"@type":"SearchAction","target":{"@type":"EntryPoint","urlTemplate":"https:\/\/www.solarclean.pt\/en\/?s={search_term_string}"},"query-input":{"@type":"PropertyValueSpecification","valueRequired":true,"valueName":"search_term_string"}}],"inLanguage":"en-US"},{"@type":"Organization","@id":"https:\/\/www.solarclean.pt\/en\/#organization","name":"SolarClean","url":"https:\/\/www.solarclean.pt\/en\/","logo":{"@type":"ImageObject","inLanguage":"en-US","@id":"https:\/\/www.solarclean.pt\/en\/#\/schema\/logo\/image\/","url":"https:\/\/www.solarclean.pt\/wp-content\/uploads\/2022\/01\/solarclean-logo-header@2x.png","contentUrl":"https:\/\/www.solarclean.pt\/wp-content\/uploads\/2022\/01\/solarclean-logo-header@2x.png","width":409,"height":108,"caption":"SolarClean"},"image":{"@id":"https:\/\/www.solarclean.pt\/en\/#\/schema\/logo\/image\/"},"sameAs":["https:\/\/www.facebook.com\/SolarClean-The-Solar-Panel-Cleaning-Company-105182081475383","https:\/\/www.linkedin.com\/company\/78767671\/admin\/"]}]}},"_links":{"self":[{"href":"https:\/\/www.solarclean.pt\/en\/wp-json\/wp\/v2\/pages\/2630","targetHints":{"allow":["GET"]}}],"collection":[{"href":"https:\/\/www.solarclean.pt\/en\/wp-json\/wp\/v2\/pages"}],"about":[{"href":"https:\/\/www.solarclean.pt\/en\/wp-json\/wp\/v2\/types\/page"}],"author":[{"embeddable":true,"href":"https:\/\/www.solarclean.pt\/en\/wp-json\/wp\/v2\/users\/2"}],"replies":[{"embeddable":true,"href":"https:\/\/www.solarclean.pt\/en\/wp-json\/wp\/v2\/comments?post=2630"}],"version-history":[{"count":3,"href":"https:\/\/www.solarclean.pt\/en\/wp-json\/wp\/v2\/pages\/2630\/revisions"}],"predecessor-version":[{"id":2633,"href":"https:\/\/www.solarclean.pt\/en\/wp-json\/wp\/v2\/pages\/2630\/revisions\/2633"}],"wp:attachment":[{"href":"https:\/\/www.solarclean.pt\/en\/wp-json\/wp\/v2\/media?parent=2630"}],"curies":[{"name":"wp","href":"https:\/\/api.w.org\/{rel}","templated":true}]}}