{"id":2201,"date":"2022-01-17T15:28:19","date_gmt":"2022-01-17T15:28:19","guid":{"rendered":"https:\/\/www.solarclean.pt\/noticias\/"},"modified":"2025-11-04T10:55:42","modified_gmt":"2025-11-04T10:55:42","slug":"news","status":"publish","type":"page","link":"https:\/\/www.solarclean.pt\/en\/news\/","title":{"rendered":"News"},"content":{"rendered":"\t\t<div data-elementor-type=\"wp-page\" data-elementor-id=\"2201\" class=\"elementor elementor-2201 elementor-710\">\n\t\t\t\t\t\t<section class=\"elementor-section elementor-top-section elementor-element elementor-element-224cc10 elementor-section-full_width elementor-section-height-min-height elementor-section-height-default elementor-section-items-middle\" data-id=\"224cc10\" data-element_type=\"section\" data-settings=\"{&quot;jet_parallax_layout_list&quot;:[{&quot;jet_parallax_layout_image&quot;:{&quot;url&quot;:&quot;&quot;,&quot;id&quot;:&quot;&quot;,&quot;size&quot;:&quot;&quot;},&quot;_id&quot;:&quot;4b94126&quot;,&quot;jet_parallax_layout_image_tablet&quot;:{&quot;url&quot;:&quot;&quot;,&quot;id&quot;:&quot;&quot;,&quot;size&quot;:&quot;&quot;},&quot;jet_parallax_layout_image_mobile&quot;:{&quot;url&quot;:&quot;&quot;,&quot;id&quot;:&quot;&quot;,&quot;size&quot;:&quot;&quot;},&quot;jet_parallax_layout_speed&quot;:{&quot;unit&quot;:&quot;%&quot;,&quot;size&quot;:50,&quot;sizes&quot;:[]},&quot;jet_parallax_layout_type&quot;:&quot;scroll&quot;,&quot;jet_parallax_layout_direction&quot;:&quot;1&quot;,&quot;jet_parallax_layout_fx_direction&quot;:null,&quot;jet_parallax_layout_z_index&quot;:&quot;&quot;,&quot;jet_parallax_layout_bg_x&quot;:50,&quot;jet_parallax_layout_bg_x_tablet&quot;:&quot;&quot;,&quot;jet_parallax_layout_bg_x_mobile&quot;:&quot;&quot;,&quot;jet_parallax_layout_bg_y&quot;:50,&quot;jet_parallax_layout_bg_y_tablet&quot;:&quot;&quot;,&quot;jet_parallax_layout_bg_y_mobile&quot;:&quot;&quot;,&quot;jet_parallax_layout_bg_size&quot;:&quot;auto&quot;,&quot;jet_parallax_layout_bg_size_tablet&quot;:&quot;&quot;,&quot;jet_parallax_layout_bg_size_mobile&quot;:&quot;&quot;,&quot;jet_parallax_layout_animation_prop&quot;:&quot;transform&quot;,&quot;jet_parallax_layout_on&quot;:[&quot;desktop&quot;,&quot;tablet&quot;]}],&quot;background_background&quot;:&quot;classic&quot;}\">\n\t\t\t\t\t\t<div class=\"elementor-container elementor-column-gap-default\">\n\t\t\t\t\t<div class=\"elementor-column elementor-col-100 elementor-top-column elementor-element elementor-element-a3f4e34\" data-id=\"a3f4e34\" data-element_type=\"column\">\n\t\t\t<div class=\"elementor-widget-wrap elementor-element-populated\">\n\t\t\t\t\t\t<div class=\"elementor-element elementor-element-e4d74cc elementor-widget elementor-widget-heading\" data-id=\"e4d74cc\" data-element_type=\"widget\" data-widget_type=\"heading.default\">\n\t\t\t\t<div class=\"elementor-widget-container\">\n\t\t\t\t\t<h2 class=\"elementor-heading-title elementor-size-default\">News<\/h2>\t\t\t\t<\/div>\n\t\t\t\t<\/div>\n\t\t\t\t\t<\/div>\n\t\t<\/div>\n\t\t\t\t\t<\/div>\n\t\t<\/section>\n\t\t\t\t<section class=\"elementor-section elementor-top-section elementor-element elementor-element-321de36e elementor-section-boxed elementor-section-height-default elementor-section-height-default\" data-id=\"321de36e\" data-element_type=\"section\" data-settings=\"{&quot;jet_parallax_layout_list&quot;:[{&quot;_id&quot;:&quot;d5cbad3&quot;,&quot;jet_parallax_layout_image&quot;:{&quot;url&quot;:&quot;&quot;,&quot;id&quot;:&quot;&quot;,&quot;size&quot;:&quot;&quot;},&quot;jet_parallax_layout_image_tablet&quot;:{&quot;url&quot;:&quot;&quot;,&quot;id&quot;:&quot;&quot;,&quot;size&quot;:&quot;&quot;},&quot;jet_parallax_layout_image_mobile&quot;:{&quot;url&quot;:&quot;&quot;,&quot;id&quot;:&quot;&quot;,&quot;size&quot;:&quot;&quot;},&quot;jet_parallax_layout_speed&quot;:{&quot;unit&quot;:&quot;%&quot;,&quot;size&quot;:50,&quot;sizes&quot;:[]},&quot;jet_parallax_layout_type&quot;:&quot;scroll&quot;,&quot;jet_parallax_layout_direction&quot;:&quot;1&quot;,&quot;jet_parallax_layout_fx_direction&quot;:null,&quot;jet_parallax_layout_z_index&quot;:&quot;&quot;,&quot;jet_parallax_layout_bg_x&quot;:50,&quot;jet_parallax_layout_bg_x_tablet&quot;:&quot;&quot;,&quot;jet_parallax_layout_bg_x_mobile&quot;:&quot;&quot;,&quot;jet_parallax_layout_bg_y&quot;:50,&quot;jet_parallax_layout_bg_y_tablet&quot;:&quot;&quot;,&quot;jet_parallax_layout_bg_y_mobile&quot;:&quot;&quot;,&quot;jet_parallax_layout_bg_size&quot;:&quot;auto&quot;,&quot;jet_parallax_layout_bg_size_tablet&quot;:&quot;&quot;,&quot;jet_parallax_layout_bg_size_mobile&quot;:&quot;&quot;,&quot;jet_parallax_layout_animation_prop&quot;:&quot;transform&quot;,&quot;jet_parallax_layout_on&quot;:[&quot;desktop&quot;,&quot;tablet&quot;]}]}\">\n\t\t\t\t\t\t<div class=\"elementor-container elementor-column-gap-default\">\n\t\t\t\t\t<div class=\"elementor-column elementor-col-100 elementor-top-column elementor-element elementor-element-29db56d4\" data-id=\"29db56d4\" data-element_type=\"column\">\n\t\t\t<div class=\"elementor-widget-wrap elementor-element-populated\">\n\t\t\t\t\t\t<div class=\"elementor-element elementor-element-6ac95fe1 elementor-widget elementor-widget-heading\" data-id=\"6ac95fe1\" data-element_type=\"widget\" data-widget_type=\"heading.default\">\n\t\t\t\t<div class=\"elementor-widget-container\">\n\t\t\t\t\t<h3 class=\"elementor-heading-title elementor-size-default\">Articles and news<\/h3>\t\t\t\t<\/div>\n\t\t\t\t<\/div>\n\t\t\t\t<div class=\"elementor-element elementor-element-3855ed02 elementor-hidden-mobile elementor-widget elementor-widget-spacer\" data-id=\"3855ed02\" data-element_type=\"widget\" data-widget_type=\"spacer.default\">\n\t\t\t\t<div class=\"elementor-widget-container\">\n\t\t\t\t\t\t\t<div class=\"elementor-spacer\">\n\t\t\t<div class=\"elementor-spacer-inner\"><\/div>\n\t\t<\/div>\n\t\t\t\t\t\t<\/div>\n\t\t\t\t<\/div>\n\t\t\t\t<section class=\"elementor-section elementor-inner-section elementor-element elementor-element-695fb929 elementor-section-boxed elementor-section-height-default elementor-section-height-default\" data-id=\"695fb929\" data-element_type=\"section\" data-settings=\"{&quot;jet_parallax_layout_list&quot;:[{&quot;_id&quot;:&quot;3c7e128&quot;,&quot;jet_parallax_layout_image&quot;:{&quot;url&quot;:&quot;&quot;,&quot;id&quot;:&quot;&quot;,&quot;size&quot;:&quot;&quot;},&quot;jet_parallax_layout_image_tablet&quot;:{&quot;url&quot;:&quot;&quot;,&quot;id&quot;:&quot;&quot;,&quot;size&quot;:&quot;&quot;},&quot;jet_parallax_layout_image_mobile&quot;:{&quot;url&quot;:&quot;&quot;,&quot;id&quot;:&quot;&quot;,&quot;size&quot;:&quot;&quot;},&quot;jet_parallax_layout_speed&quot;:{&quot;unit&quot;:&quot;%&quot;,&quot;size&quot;:50,&quot;sizes&quot;:[]},&quot;jet_parallax_layout_type&quot;:&quot;scroll&quot;,&quot;jet_parallax_layout_direction&quot;:&quot;1&quot;,&quot;jet_parallax_layout_fx_direction&quot;:null,&quot;jet_parallax_layout_z_index&quot;:&quot;&quot;,&quot;jet_parallax_layout_bg_x&quot;:50,&quot;jet_parallax_layout_bg_x_tablet&quot;:&quot;&quot;,&quot;jet_parallax_layout_bg_x_mobile&quot;:&quot;&quot;,&quot;jet_parallax_layout_bg_y&quot;:50,&quot;jet_parallax_layout_bg_y_tablet&quot;:&quot;&quot;,&quot;jet_parallax_layout_bg_y_mobile&quot;:&quot;&quot;,&quot;jet_parallax_layout_bg_size&quot;:&quot;auto&quot;,&quot;jet_parallax_layout_bg_size_tablet&quot;:&quot;&quot;,&quot;jet_parallax_layout_bg_size_mobile&quot;:&quot;&quot;,&quot;jet_parallax_layout_animation_prop&quot;:&quot;transform&quot;,&quot;jet_parallax_layout_on&quot;:[&quot;desktop&quot;,&quot;tablet&quot;]}]}\">\n\t\t\t\t\t\t<div class=\"elementor-container elementor-column-gap-no\">\n\t\t\t\t\t<div class=\"elementor-column elementor-col-100 elementor-inner-column elementor-element elementor-element-7c6bcb16 animated-slow elementor-invisible\" data-id=\"7c6bcb16\" data-element_type=\"column\" data-settings=\"{&quot;animation&quot;:&quot;fadeIn&quot;}\">\n\t\t\t<div class=\"elementor-widget-wrap elementor-element-populated\">\n\t\t\t\t\t\t<div class=\"elementor-element elementor-element-1f17e7bf fundo-azul elementor-widget elementor-widget-jet-posts\" data-id=\"1f17e7bf\" data-element_type=\"widget\" data-settings=\"{&quot;columns&quot;:&quot;2&quot;,&quot;columns_tablet&quot;:&quot;2&quot;,&quot;columns_mobile&quot;:&quot;1&quot;,&quot;slides_to_scroll&quot;:&quot;1&quot;}\" data-widget_type=\"jet-posts.default\">\n\t\t\t\t<div class=\"elementor-widget-container\">\n\t\t\t\t\t<div class=\"elementor-jet-posts jet-elements\"><div class=\"jet-posts col-row  jet-equal-cols\"><div class=\"jet-posts__item\">\n\t<div class=\"jet-posts__inner-box\"><div class=\"post-thumbnail\"><a href=\"https:\/\/www.solarclean.pt\/en\/photovoltaic-panel-washing\/solarclean-becomes-official-partner-of-sunbrush\/\" class=\"post-thumbnail__link\"><img loading=\"lazy\" decoding=\"async\" class=\"post-thumbnail__img wp-post-image\" src=\"https:\/\/www.solarclean.pt\/wp-content\/uploads\/2025\/10\/SolarClean-parceria-SunBrush-768x432.png\" alt=\"SolarClean becomes official partner of SunBrush\" loading=\"lazy\" width=\"768\" height=\"432\"><\/a><\/div><div class=\"jet-posts__inner-content\"><h4 class=\"entry-title\"><a href=\"https:\/\/www.solarclean.pt\/en\/photovoltaic-panel-washing\/solarclean-becomes-official-partner-of-sunbrush\/\" target=\"\">SolarClean becomes official partner of SunBrush<\/a><\/h4><div class=\"entry-excerpt\">SolarClean becomes a SunBrush Partner and the official representation in Portugal SolarClean the leading solar panel cleaning company in Portugal,&hellip;<\/div><div class=\"jet-more-wrap\"><a href=\"https:\/\/www.solarclean.pt\/en\/photovoltaic-panel-washing\/solarclean-becomes-official-partner-of-sunbrush\/\" class=\"btn btn-primary elementor-button elementor-size-md jet-more\" target=\"\"><span class=\"btn__text\">Read article<\/span><\/a><\/div><\/div><\/div>\n<\/div>\n<div class=\"jet-posts__item\">\n\t<div class=\"jet-posts__inner-box\"><div class=\"post-thumbnail\"><a href=\"https:\/\/www.solarclean.pt\/en\/photovoltaic-panel-washing\/solar-panel-cleaning\/\" class=\"post-thumbnail__link\"><img loading=\"lazy\" decoding=\"async\" class=\"post-thumbnail__img wp-post-image\" src=\"https:\/\/www.solarclean.pt\/wp-content\/uploads\/2025\/05\/imagem_2025-05-02_112149705-768x576.png\" alt=\"SolarClean gets ready for 2025 with new equipment\" loading=\"lazy\" width=\"768\" height=\"576\"><\/a><\/div><div class=\"jet-posts__inner-content\"><h4 class=\"entry-title\"><a href=\"https:\/\/www.solarclean.pt\/en\/photovoltaic-panel-washing\/solar-panel-cleaning\/\" target=\"\">SolarClean gets ready for 2025 with new equipment<\/a><\/h4><div class=\"entry-excerpt\">SolarClean Boosts Cleaning Capacity to 45,000 Panels per Day in 2025 In 2025, SolarClean reinforces its leadership in solar panel&hellip;<\/div><div class=\"jet-more-wrap\"><a href=\"https:\/\/www.solarclean.pt\/en\/photovoltaic-panel-washing\/solar-panel-cleaning\/\" class=\"btn btn-primary elementor-button elementor-size-md jet-more\" target=\"\"><span class=\"btn__text\">Read article<\/span><\/a><\/div><\/div><\/div>\n<\/div>\n<div class=\"jet-posts__item\">\n\t<div class=\"jet-posts__inner-box\"><div class=\"post-thumbnail\"><a href=\"https:\/\/www.solarclean.pt\/en\/photovoltaic-panel-washing\/new-equipment-at-solarclean-in-2024\/\" class=\"post-thumbnail__link\"><img loading=\"lazy\" decoding=\"async\" class=\"post-thumbnail__img wp-post-image\" src=\"https:\/\/www.solarclean.pt\/wp-content\/uploads\/2024\/02\/solarclean_sunbrush_1-768x1365.jpeg\" alt=\"New Equipment at SolarClean in 2024\" loading=\"lazy\" width=\"768\" height=\"1365\"><\/a><\/div><div class=\"jet-posts__inner-content\"><h4 class=\"entry-title\"><a href=\"https:\/\/www.solarclean.pt\/en\/photovoltaic-panel-washing\/new-equipment-at-solarclean-in-2024\/\" target=\"\">New Equipment at SolarClean in 2024<\/a><\/h4><div class=\"entry-excerpt\">Renewable energies are constantly evolving, and SolarClean is at the forefront of this change in 2024. With the acquisition of&hellip;<\/div><div class=\"jet-more-wrap\"><a href=\"https:\/\/www.solarclean.pt\/en\/photovoltaic-panel-washing\/new-equipment-at-solarclean-in-2024\/\" class=\"btn btn-primary elementor-button elementor-size-md jet-more\" target=\"\"><span class=\"btn__text\">Read article<\/span><\/a><\/div><\/div><\/div>\n<\/div>\n<\/div>\n<\/div>\t\t\t\t<\/div>\n\t\t\t\t<\/div>\n\t\t\t\t\t<\/div>\n\t\t<\/div>\n\t\t\t\t\t<\/div>\n\t\t<\/section>\n\t\t\t\t\t<\/div>\n\t\t<\/div>\n\t\t\t\t\t<\/div>\n\t\t<\/section>\n\t\t\t\t<\/div>\n\t\t","protected":false},"excerpt":{"rendered":"<p>News Articles and news SolarClean torna-se parceira oficial da SunBrush SolarClean torna-se Parceira da SunBrush e a representa\u00e7\u00e3o oficial em Portugal A SolarClean, empresa l\u00edder em solu\u00e7\u00f5es de limpeza de&hellip;Read article A SolarClean prepara-se para 2025 com novos equipamentos Lavagem de Pain\u00e9is Fotovoltaicos Em 2025,\u00a0a SolarClean d\u00e1 mais um passo rumo \u00e0 lideran\u00e7a nacional na [&hellip;]<\/p>\n","protected":false},"author":3,"featured_media":0,"parent":0,"menu_order":0,"comment_status":"closed","ping_status":"closed","template":"elementor_header_footer","meta":{"footnotes":""},"class_list":["post-2201","page","type-page","status-publish","hentry"],"yoast_head":"<!-- This site is optimized with the Yoast SEO plugin v26.3 - https:\/\/yoast.com\/wordpress\/plugins\/seo\/ -->\n<title>News - SolarClean<\/title>\n<meta name=\"robots\" content=\"index, follow, max-snippet:-1, max-image-preview:large, max-video-preview:-1\" \/>\n<link rel=\"canonical\" href=\"https:\/\/www.solarclean.pt\/en\/news\/\" \/>\n<meta property=\"og:locale\" content=\"en_US\" \/>\n<meta property=\"og:type\" content=\"article\" \/>\n<meta property=\"og:title\" content=\"News - SolarClean\" \/>\n<meta property=\"og:description\" content=\"News Articles and news SolarClean torna-se parceira oficial da SunBrush SolarClean torna-se Parceira da SunBrush e a representa\u00e7\u00e3o oficial em Portugal A SolarClean, empresa l\u00edder em solu\u00e7\u00f5es de limpeza de&hellip;Read article A SolarClean prepara-se para 2025 com novos equipamentos Lavagem de Pain\u00e9is Fotovoltaicos Em 2025,\u00a0a SolarClean d\u00e1 mais um passo rumo \u00e0 lideran\u00e7a nacional na [&hellip;]\" \/>\n<meta property=\"og:url\" content=\"https:\/\/www.solarclean.pt\/en\/news\/\" \/>\n<meta property=\"og:site_name\" content=\"SolarClean\" \/>\n<meta property=\"article:publisher\" content=\"https:\/\/www.facebook.com\/SolarClean-The-Solar-Panel-Cleaning-Company-105182081475383\" \/>\n<meta property=\"article:modified_time\" content=\"2025-11-04T10:55:42+00:00\" \/>\n<meta property=\"og:image\" content=\"https:\/\/www.solarclean.pt\/wp-content\/uploads\/2025\/10\/SolarClean-parceria-SunBrush-768x432.png\" \/>\n<meta name=\"twitter:card\" content=\"summary_large_image\" \/>\n<meta name=\"twitter:label1\" content=\"Est. reading time\" \/>\n\t<meta name=\"twitter:data1\" content=\"2 minutes\" \/>\n<script type=\"application\/ld+json\" class=\"yoast-schema-graph\">{\"@context\":\"https:\/\/schema.org\",\"@graph\":[{\"@type\":\"WebPage\",\"@id\":\"https:\/\/www.solarclean.pt\/en\/news\/\",\"url\":\"https:\/\/www.solarclean.pt\/en\/news\/\",\"name\":\"News - SolarClean\",\"isPartOf\":{\"@id\":\"https:\/\/www.solarclean.pt\/en\/#website\"},\"primaryImageOfPage\":{\"@id\":\"https:\/\/www.solarclean.pt\/en\/news\/#primaryimage\"},\"image\":{\"@id\":\"https:\/\/www.solarclean.pt\/en\/news\/#primaryimage\"},\"thumbnailUrl\":\"https:\/\/www.solarclean.pt\/wp-content\/uploads\/2025\/10\/SolarClean-parceria-SunBrush-768x432.png\",\"datePublished\":\"2022-01-17T15:28:19+00:00\",\"dateModified\":\"2025-11-04T10:55:42+00:00\",\"breadcrumb\":{\"@id\":\"https:\/\/www.solarclean.pt\/en\/news\/#breadcrumb\"},\"inLanguage\":\"en-US\",\"potentialAction\":[{\"@type\":\"ReadAction\",\"target\":[\"https:\/\/www.solarclean.pt\/en\/news\/\"]}]},{\"@type\":\"ImageObject\",\"inLanguage\":\"en-US\",\"@id\":\"https:\/\/www.solarclean.pt\/en\/news\/#primaryimage\",\"url\":\"https:\/\/www.solarclean.pt\/wp-content\/uploads\/2025\/10\/SolarClean-parceria-SunBrush-768x432.png\",\"contentUrl\":\"https:\/\/www.solarclean.pt\/wp-content\/uploads\/2025\/10\/SolarClean-parceria-SunBrush-768x432.png\"},{\"@type\":\"BreadcrumbList\",\"@id\":\"https:\/\/www.solarclean.pt\/en\/news\/#breadcrumb\",\"itemListElement\":[{\"@type\":\"ListItem\",\"position\":1,\"name\":\"In\u00edcio\",\"item\":\"https:\/\/www.solarclean.pt\/en\/\"},{\"@type\":\"ListItem\",\"position\":2,\"name\":\"News\"}]},{\"@type\":\"WebSite\",\"@id\":\"https:\/\/www.solarclean.pt\/en\/#website\",\"url\":\"https:\/\/www.solarclean.pt\/en\/\",\"name\":\"SolarClean\",\"description\":\"The Solar Panel Cleaning Company\",\"publisher\":{\"@id\":\"https:\/\/www.solarclean.pt\/en\/#organization\"},\"potentialAction\":[{\"@type\":\"SearchAction\",\"target\":{\"@type\":\"EntryPoint\",\"urlTemplate\":\"https:\/\/www.solarclean.pt\/en\/?s={search_term_string}\"},\"query-input\":{\"@type\":\"PropertyValueSpecification\",\"valueRequired\":true,\"valueName\":\"search_term_string\"}}],\"inLanguage\":\"en-US\"},{\"@type\":\"Organization\",\"@id\":\"https:\/\/www.solarclean.pt\/en\/#organization\",\"name\":\"SolarClean\",\"url\":\"https:\/\/www.solarclean.pt\/en\/\",\"logo\":{\"@type\":\"ImageObject\",\"inLanguage\":\"en-US\",\"@id\":\"https:\/\/www.solarclean.pt\/en\/#\/schema\/logo\/image\/\",\"url\":\"https:\/\/www.solarclean.pt\/wp-content\/uploads\/2022\/01\/solarclean-logo-header@2x.png\",\"contentUrl\":\"https:\/\/www.solarclean.pt\/wp-content\/uploads\/2022\/01\/solarclean-logo-header@2x.png\",\"width\":409,\"height\":108,\"caption\":\"SolarClean\"},\"image\":{\"@id\":\"https:\/\/www.solarclean.pt\/en\/#\/schema\/logo\/image\/\"},\"sameAs\":[\"https:\/\/www.facebook.com\/SolarClean-The-Solar-Panel-Cleaning-Company-105182081475383\",\"https:\/\/www.linkedin.com\/company\/78767671\/admin\/\"]}]}<\/script>\n<!-- \/ Yoast SEO plugin. -->","yoast_head_json":{"title":"News - SolarClean","robots":{"index":"index","follow":"follow","max-snippet":"max-snippet:-1","max-image-preview":"max-image-preview:large","max-video-preview":"max-video-preview:-1"},"canonical":"https:\/\/www.solarclean.pt\/en\/news\/","og_locale":"en_US","og_type":"article","og_title":"News - SolarClean","og_description":"News Articles and news SolarClean torna-se parceira oficial da SunBrush SolarClean torna-se Parceira da SunBrush e a representa\u00e7\u00e3o oficial em Portugal A SolarClean, empresa l\u00edder em solu\u00e7\u00f5es de limpeza de&hellip;Read article A SolarClean prepara-se para 2025 com novos equipamentos Lavagem de Pain\u00e9is Fotovoltaicos Em 2025,\u00a0a SolarClean d\u00e1 mais um passo rumo \u00e0 lideran\u00e7a nacional na [&hellip;]","og_url":"https:\/\/www.solarclean.pt\/en\/news\/","og_site_name":"SolarClean","article_publisher":"https:\/\/www.facebook.com\/SolarClean-The-Solar-Panel-Cleaning-Company-105182081475383","article_modified_time":"2025-11-04T10:55:42+00:00","og_image":[{"url":"https:\/\/www.solarclean.pt\/wp-content\/uploads\/2025\/10\/SolarClean-parceria-SunBrush-768x432.png","type":"","width":"","height":""}],"twitter_card":"summary_large_image","twitter_misc":{"Est. reading time":"2 minutes"},"schema":{"@context":"https:\/\/schema.org","@graph":[{"@type":"WebPage","@id":"https:\/\/www.solarclean.pt\/en\/news\/","url":"https:\/\/www.solarclean.pt\/en\/news\/","name":"News - SolarClean","isPartOf":{"@id":"https:\/\/www.solarclean.pt\/en\/#website"},"primaryImageOfPage":{"@id":"https:\/\/www.solarclean.pt\/en\/news\/#primaryimage"},"image":{"@id":"https:\/\/www.solarclean.pt\/en\/news\/#primaryimage"},"thumbnailUrl":"https:\/\/www.solarclean.pt\/wp-content\/uploads\/2025\/10\/SolarClean-parceria-SunBrush-768x432.png","datePublished":"2022-01-17T15:28:19+00:00","dateModified":"2025-11-04T10:55:42+00:00","breadcrumb":{"@id":"https:\/\/www.solarclean.pt\/en\/news\/#breadcrumb"},"inLanguage":"en-US","potentialAction":[{"@type":"ReadAction","target":["https:\/\/www.solarclean.pt\/en\/news\/"]}]},{"@type":"ImageObject","inLanguage":"en-US","@id":"https:\/\/www.solarclean.pt\/en\/news\/#primaryimage","url":"https:\/\/www.solarclean.pt\/wp-content\/uploads\/2025\/10\/SolarClean-parceria-SunBrush-768x432.png","contentUrl":"https:\/\/www.solarclean.pt\/wp-content\/uploads\/2025\/10\/SolarClean-parceria-SunBrush-768x432.png"},{"@type":"BreadcrumbList","@id":"https:\/\/www.solarclean.pt\/en\/news\/#breadcrumb","itemListElement":[{"@type":"ListItem","position":1,"name":"In\u00edcio","item":"https:\/\/www.solarclean.pt\/en\/"},{"@type":"ListItem","position":2,"name":"News"}]},{"@type":"WebSite","@id":"https:\/\/www.solarclean.pt\/en\/#website","url":"https:\/\/www.solarclean.pt\/en\/","name":"SolarClean","description":"The Solar Panel Cleaning Company","publisher":{"@id":"https:\/\/www.solarclean.pt\/en\/#organization"},"potentialAction":[{"@type":"SearchAction","target":{"@type":"EntryPoint","urlTemplate":"https:\/\/www.solarclean.pt\/en\/?s={search_term_string}"},"query-input":{"@type":"PropertyValueSpecification","valueRequired":true,"valueName":"search_term_string"}}],"inLanguage":"en-US"},{"@type":"Organization","@id":"https:\/\/www.solarclean.pt\/en\/#organization","name":"SolarClean","url":"https:\/\/www.solarclean.pt\/en\/","logo":{"@type":"ImageObject","inLanguage":"en-US","@id":"https:\/\/www.solarclean.pt\/en\/#\/schema\/logo\/image\/","url":"https:\/\/www.solarclean.pt\/wp-content\/uploads\/2022\/01\/solarclean-logo-header@2x.png","contentUrl":"https:\/\/www.solarclean.pt\/wp-content\/uploads\/2022\/01\/solarclean-logo-header@2x.png","width":409,"height":108,"caption":"SolarClean"},"image":{"@id":"https:\/\/www.solarclean.pt\/en\/#\/schema\/logo\/image\/"},"sameAs":["https:\/\/www.facebook.com\/SolarClean-The-Solar-Panel-Cleaning-Company-105182081475383","https:\/\/www.linkedin.com\/company\/78767671\/admin\/"]}]}},"_links":{"self":[{"href":"https:\/\/www.solarclean.pt\/en\/wp-json\/wp\/v2\/pages\/2201","targetHints":{"allow":["GET"]}}],"collection":[{"href":"https:\/\/www.solarclean.pt\/en\/wp-json\/wp\/v2\/pages"}],"about":[{"href":"https:\/\/www.solarclean.pt\/en\/wp-json\/wp\/v2\/types\/page"}],"author":[{"embeddable":true,"href":"https:\/\/www.solarclean.pt\/en\/wp-json\/wp\/v2\/users\/3"}],"replies":[{"embeddable":true,"href":"https:\/\/www.solarclean.pt\/en\/wp-json\/wp\/v2\/comments?post=2201"}],"version-history":[{"count":10,"href":"https:\/\/www.solarclean.pt\/en\/wp-json\/wp\/v2\/pages\/2201\/revisions"}],"predecessor-version":[{"id":2877,"href":"https:\/\/www.solarclean.pt\/en\/wp-json\/wp\/v2\/pages\/2201\/revisions\/2877"}],"wp:attachment":[{"href":"https:\/\/www.solarclean.pt\/en\/wp-json\/wp\/v2\/media?parent=2201"}],"curies":[{"name":"wp","href":"https:\/\/api.w.org\/{rel}","templated":true}]}}